{"id":261,"date":"2023-11-15T17:08:58","date_gmt":"2023-11-15T17:08:58","guid":{"rendered":"https:\/\/newyorkcrush.es\/?page_id=261"},"modified":"2023-11-15T17:09:15","modified_gmt":"2023-11-15T17:09:15","slug":"nosotros","status":"publish","type":"page","link":"https:\/\/newyorkcrush.es\/index.php\/nosotros\/","title":{"rendered":"Nosotros"},"content":{"rendered":"\t\t<div data-elementor-type=\"wp-page\" data-elementor-id=\"261\" class=\"elementor elementor-261\" data-elementor-post-type=\"page\">\n\t\t\t\t\t\t<section class=\"elementor-section elementor-top-section elementor-element elementor-element-322e1297 elementor-section-content-middle elementor-section-boxed elementor-section-height-default elementor-section-height-default\" data-id=\"322e1297\" data-element_type=\"section\" data-e-type=\"section\" data-settings=\"{&quot;background_background&quot;:&quot;classic&quot;}\">\n\t\t\t\t\t\t<div class=\"elementor-container elementor-column-gap-no\">\n\t\t\t\t\t<div class=\"elementor-column elementor-col-50 elementor-top-column elementor-element elementor-element-437eb28f\" data-id=\"437eb28f\" data-element_type=\"column\" data-e-type=\"column\">\n\t\t\t<div class=\"elementor-widget-wrap elementor-element-populated\">\n\t\t\t\t\t\t<div class=\"elementor-element elementor-element-7f7beaf3 elementor-widget-divider--view-line elementor-widget elementor-widget-divider\" data-id=\"7f7beaf3\" data-element_type=\"widget\" data-e-type=\"widget\" data-widget_type=\"divider.default\">\n\t\t\t\t<div class=\"elementor-widget-container\">\n\t\t\t\t\t\t\t<div class=\"elementor-divider\">\n\t\t\t<span class=\"elementor-divider-separator\">\n\t\t\t\t\t\t<\/span>\n\t\t<\/div>\n\t\t\t\t\t\t<\/div>\n\t\t\t\t<\/div>\n\t\t\t\t\t<\/div>\n\t\t<\/div>\n\t\t\t\t<div class=\"elementor-column elementor-col-50 elementor-top-column elementor-element elementor-element-25297cc0\" data-id=\"25297cc0\" data-element_type=\"column\" data-e-type=\"column\">\n\t\t\t<div class=\"elementor-widget-wrap elementor-element-populated\">\n\t\t\t\t\t\t<div class=\"elementor-element elementor-element-57ad3ad4 elementor-widget elementor-widget-heading\" data-id=\"57ad3ad4\" data-element_type=\"widget\" data-e-type=\"widget\" data-widget_type=\"heading.default\">\n\t\t\t\t<div class=\"elementor-widget-container\">\n\t\t\t\t\t<h5 class=\"elementor-heading-title elementor-size-default\">Hell\u00b4s Kitchen <\/h5>\t\t\t\t<\/div>\n\t\t\t\t<\/div>\n\t\t\t\t<div class=\"elementor-element elementor-element-19c64728 elementor-widget elementor-widget-heading\" data-id=\"19c64728\" data-element_type=\"widget\" data-e-type=\"widget\" data-widget_type=\"heading.default\">\n\t\t\t\t<div class=\"elementor-widget-container\">\n\t\t\t\t\t<h4 class=\"elementor-heading-title elementor-size-default\">Somos amantes de las hamburguesas y el buen comer!<\/h4>\t\t\t\t<\/div>\n\t\t\t\t<\/div>\n\t\t\t\t<div class=\"elementor-element elementor-element-3b926c55 elementor-widget elementor-widget-text-editor\" data-id=\"3b926c55\" data-element_type=\"widget\" data-e-type=\"widget\" data-widget_type=\"text-editor.default\">\n\t\t\t\t<div class=\"elementor-widget-container\">\n\t\t\t\t\t\t\t\t\t<p>Es por ello, que queremos compartir contigo lo que m\u00e1s nos apasiona. Una carne bien sabrosa rodeada de este pan que ya tanto conoces con\u00a0 ingredientes de gran calidad, no ser\u00e1 alta cocina pero si un post\u00edn, porque morderemos a quien diga que la hamburguesa es comida basura, no amigo, es un arte de placer carn\u00edvoro. Y si estas de acuerdo con esto, es tu sitio!\u00a0<\/p>\t\t\t\t\t\t\t\t<\/div>\n\t\t\t\t<\/div>\n\t\t\t\t\t<\/div>\n\t\t<\/div>\n\t\t\t\t\t<\/div>\n\t\t<\/section>\n\t\t\t\t<\/div>\n\t\t","protected":false},"excerpt":{"rendered":"<p>Hell\u00b4s Kitchen Somos amantes de las hamburguesas y el buen comer! Es por ello, que queremos compartir contigo lo que [&hellip;]<\/p>\n","protected":false},"author":1,"featured_media":0,"parent":0,"menu_order":0,"comment_status":"closed","ping_status":"closed","template":"","meta":{"site-sidebar-layout":"no-sidebar","site-content-layout":"page-builder","ast-site-content-layout":"full-width-container","site-content-style":"default","site-sidebar-style":"default","ast-global-header-display":"","ast-banner-title-visibility":"","ast-main-header-display":"","ast-hfb-above-header-display":"","ast-hfb-below-header-display":"","ast-hfb-mobile-header-display":"","site-post-title":"disabled","ast-breadcrumbs-content":"","ast-featured-img":"disabled","footer-sml-layout":"","ast-disable-related-posts":"","theme-transparent-header-meta":"","adv-header-id-meta":"","stick-header-meta":"","header-above-stick-meta":"","header-main-stick-meta":"","header-below-stick-meta":"","astra-migrate-meta-layouts":"set","ast-page-background-enabled":"default","ast-page-background-meta":{"desktop":{"background-color":"var(--ast-global-color-4)","background-image":"","background-repeat":"repeat","background-position":"center center","background-size":"auto","background-attachment":"scroll","background-type":"","background-media":"","overlay-type":"","overlay-color":"","overlay-opacity":"","overlay-gradient":""},"tablet":{"background-color":"","background-image":"","background-repeat":"repeat","background-position":"center center","background-size":"auto","background-attachment":"scroll","background-type":"","background-media":"","overlay-type":"","overlay-color":"","overlay-opacity":"","overlay-gradient":""},"mobile":{"background-color":"","background-image":"","background-repeat":"repeat","background-position":"center center","background-size":"auto","background-attachment":"scroll","background-type":"","background-media":"","overlay-type":"","overlay-color":"","overlay-opacity":"","overlay-gradient":""}},"ast-content-background-meta":{"desktop":{"background-color":"var(--ast-global-color-5)","background-image":"","background-repeat":"repeat","background-position":"center center","background-size":"auto","background-attachment":"scroll","background-type":"","background-media":"","overlay-type":"","overlay-color":"","overlay-opacity":"","overlay-gradient":""},"tablet":{"background-color":"var(--ast-global-color-5)","background-image":"","background-repeat":"repeat","background-position":"center center","background-size":"auto","background-attachment":"scroll","background-type":"","background-media":"","overlay-type":"","overlay-color":"","overlay-opacity":"","overlay-gradient":""},"mobile":{"background-color":"var(--ast-global-color-5)","background-image":"","background-repeat":"repeat","background-position":"center center","background-size":"auto","background-attachment":"scroll","background-type":"","background-media":"","overlay-type":"","overlay-color":"","overlay-opacity":"","overlay-gradient":""}},"footnotes":""},"class_list":["post-261","page","type-page","status-publish","hentry"],"yoast_head":"<!-- This site is optimized with the Yoast SEO plugin v27.1.1 - https:\/\/yoast.com\/product\/yoast-seo-wordpress\/ -->\n<title>Nosotros - New York Crush<\/title>\n<meta name=\"robots\" content=\"noindex, follow\" \/>\n<meta property=\"og:locale\" content=\"es_ES\" \/>\n<meta property=\"og:type\" content=\"article\" \/>\n<meta property=\"og:title\" content=\"Nosotros - New York Crush\" \/>\n<meta property=\"og:description\" content=\"Hell\u00b4s Kitchen Somos amantes de las hamburguesas y el buen comer! Es por ello, que queremos compartir contigo lo que [&hellip;]\" \/>\n<meta property=\"og:url\" content=\"https:\/\/newyorkcrush.es\/index.php\/nosotros\/\" \/>\n<meta property=\"og:site_name\" content=\"New York Crush\" \/>\n<meta property=\"article:modified_time\" content=\"2023-11-15T17:09:15+00:00\" \/>\n<meta name=\"twitter:card\" content=\"summary_large_image\" \/>\n<meta name=\"twitter:label1\" content=\"Tiempo de lectura\" \/>\n\t<meta name=\"twitter:data1\" content=\"1 minuto\" \/>\n<script type=\"application\/ld+json\" class=\"yoast-schema-graph\">{\"@context\":\"https:\/\/schema.org\",\"@graph\":[{\"@type\":\"WebPage\",\"@id\":\"https:\/\/newyorkcrush.es\/index.php\/nosotros\/\",\"url\":\"https:\/\/newyorkcrush.es\/index.php\/nosotros\/\",\"name\":\"Nosotros - New York Crush\",\"isPartOf\":{\"@id\":\"https:\/\/newyorkcrush.es\/#website\"},\"datePublished\":\"2023-11-15T17:08:58+00:00\",\"dateModified\":\"2023-11-15T17:09:15+00:00\",\"breadcrumb\":{\"@id\":\"https:\/\/newyorkcrush.es\/index.php\/nosotros\/#breadcrumb\"},\"inLanguage\":\"es\",\"potentialAction\":[{\"@type\":\"ReadAction\",\"target\":[\"https:\/\/newyorkcrush.es\/index.php\/nosotros\/\"]}]},{\"@type\":\"BreadcrumbList\",\"@id\":\"https:\/\/newyorkcrush.es\/index.php\/nosotros\/#breadcrumb\",\"itemListElement\":[{\"@type\":\"ListItem\",\"position\":1,\"name\":\"Portada\",\"item\":\"https:\/\/newyorkcrush.es\/\"},{\"@type\":\"ListItem\",\"position\":2,\"name\":\"Nosotros\"}]},{\"@type\":\"WebSite\",\"@id\":\"https:\/\/newyorkcrush.es\/#website\",\"url\":\"https:\/\/newyorkcrush.es\/\",\"name\":\"New York Crush\",\"description\":\"HAMBURGUESER&Iacute;A EN LA LATINA\",\"publisher\":{\"@id\":\"https:\/\/newyorkcrush.es\/#organization\"},\"potentialAction\":[{\"@type\":\"SearchAction\",\"target\":{\"@type\":\"EntryPoint\",\"urlTemplate\":\"https:\/\/newyorkcrush.es\/?s={search_term_string}\"},\"query-input\":{\"@type\":\"PropertyValueSpecification\",\"valueRequired\":true,\"valueName\":\"search_term_string\"}}],\"inLanguage\":\"es\"},{\"@type\":\"Organization\",\"@id\":\"https:\/\/newyorkcrush.es\/#organization\",\"name\":\"New York Crush\",\"url\":\"https:\/\/newyorkcrush.es\/\",\"logo\":{\"@type\":\"ImageObject\",\"inLanguage\":\"es\",\"@id\":\"https:\/\/newyorkcrush.es\/#\/schema\/logo\/image\/\",\"url\":\"https:\/\/newyorkcrush.es\/wp-content\/uploads\/2024\/12\/NYC2024.png\",\"contentUrl\":\"https:\/\/newyorkcrush.es\/wp-content\/uploads\/2024\/12\/NYC2024.png\",\"width\":1248,\"height\":1080,\"caption\":\"New York Crush\"},\"image\":{\"@id\":\"https:\/\/newyorkcrush.es\/#\/schema\/logo\/image\/\"},\"sameAs\":[\"https:\/\/www.instagram.com\/newyorkcrush_\/\"]}]}<\/script>\n<!-- \/ Yoast SEO plugin. -->","yoast_head_json":{"title":"Nosotros - New York Crush","robots":{"index":"noindex","follow":"follow"},"og_locale":"es_ES","og_type":"article","og_title":"Nosotros - New York Crush","og_description":"Hell\u00b4s Kitchen Somos amantes de las hamburguesas y el buen comer! Es por ello, que queremos compartir contigo lo que [&hellip;]","og_url":"https:\/\/newyorkcrush.es\/index.php\/nosotros\/","og_site_name":"New York Crush","article_modified_time":"2023-11-15T17:09:15+00:00","twitter_card":"summary_large_image","twitter_misc":{"Tiempo de lectura":"1 minuto"},"schema":{"@context":"https:\/\/schema.org","@graph":[{"@type":"WebPage","@id":"https:\/\/newyorkcrush.es\/index.php\/nosotros\/","url":"https:\/\/newyorkcrush.es\/index.php\/nosotros\/","name":"Nosotros - New York Crush","isPartOf":{"@id":"https:\/\/newyorkcrush.es\/#website"},"datePublished":"2023-11-15T17:08:58+00:00","dateModified":"2023-11-15T17:09:15+00:00","breadcrumb":{"@id":"https:\/\/newyorkcrush.es\/index.php\/nosotros\/#breadcrumb"},"inLanguage":"es","potentialAction":[{"@type":"ReadAction","target":["https:\/\/newyorkcrush.es\/index.php\/nosotros\/"]}]},{"@type":"BreadcrumbList","@id":"https:\/\/newyorkcrush.es\/index.php\/nosotros\/#breadcrumb","itemListElement":[{"@type":"ListItem","position":1,"name":"Portada","item":"https:\/\/newyorkcrush.es\/"},{"@type":"ListItem","position":2,"name":"Nosotros"}]},{"@type":"WebSite","@id":"https:\/\/newyorkcrush.es\/#website","url":"https:\/\/newyorkcrush.es\/","name":"New York Crush","description":"HAMBURGUESER&Iacute;A EN LA LATINA","publisher":{"@id":"https:\/\/newyorkcrush.es\/#organization"},"potentialAction":[{"@type":"SearchAction","target":{"@type":"EntryPoint","urlTemplate":"https:\/\/newyorkcrush.es\/?s={search_term_string}"},"query-input":{"@type":"PropertyValueSpecification","valueRequired":true,"valueName":"search_term_string"}}],"inLanguage":"es"},{"@type":"Organization","@id":"https:\/\/newyorkcrush.es\/#organization","name":"New York Crush","url":"https:\/\/newyorkcrush.es\/","logo":{"@type":"ImageObject","inLanguage":"es","@id":"https:\/\/newyorkcrush.es\/#\/schema\/logo\/image\/","url":"https:\/\/newyorkcrush.es\/wp-content\/uploads\/2024\/12\/NYC2024.png","contentUrl":"https:\/\/newyorkcrush.es\/wp-content\/uploads\/2024\/12\/NYC2024.png","width":1248,"height":1080,"caption":"New York Crush"},"image":{"@id":"https:\/\/newyorkcrush.es\/#\/schema\/logo\/image\/"},"sameAs":["https:\/\/www.instagram.com\/newyorkcrush_\/"]}]}},"jetpack_sharing_enabled":true,"_links":{"self":[{"href":"https:\/\/newyorkcrush.es\/index.php\/wp-json\/wp\/v2\/pages\/261","targetHints":{"allow":["GET"]}}],"collection":[{"href":"https:\/\/newyorkcrush.es\/index.php\/wp-json\/wp\/v2\/pages"}],"about":[{"href":"https:\/\/newyorkcrush.es\/index.php\/wp-json\/wp\/v2\/types\/page"}],"author":[{"embeddable":true,"href":"https:\/\/newyorkcrush.es\/index.php\/wp-json\/wp\/v2\/users\/1"}],"replies":[{"embeddable":true,"href":"https:\/\/newyorkcrush.es\/index.php\/wp-json\/wp\/v2\/comments?post=261"}],"version-history":[{"count":5,"href":"https:\/\/newyorkcrush.es\/index.php\/wp-json\/wp\/v2\/pages\/261\/revisions"}],"predecessor-version":[{"id":266,"href":"https:\/\/newyorkcrush.es\/index.php\/wp-json\/wp\/v2\/pages\/261\/revisions\/266"}],"wp:attachment":[{"href":"https:\/\/newyorkcrush.es\/index.php\/wp-json\/wp\/v2\/media?parent=261"}],"curies":[{"name":"wp","href":"https:\/\/api.w.org\/{rel}","templated":true}]}}